{"id":113,"date":"2015-06-25T17:28:18","date_gmt":"2015-06-25T17:28:18","guid":{"rendered":"https:\/\/www.gaestehaus-mariele.de\/wordpress\/?page_id=113"},"modified":"2026-04-01T08:09:04","modified_gmt":"2026-04-01T08:09:04","slug":"freizeit-tipps-um-den-tegernsee","status":"publish","type":"page","link":"https:\/\/www.gaestehaus-mariele.de\/wordpress\/freizeit-tipps-um-den-tegernsee\/","title":{"rendered":"Freizeit-Tipps um den Tegernsee"},"content":{"rendered":"\n<p><strong>Badespa\u00df im Tegernsee<\/strong><\/p>\n\n\n\n<p>Nat\u00fcrlich ich der Tegernsee ein idealer Badesee. Es gibt nichts Sch\u00f6neres als an einem hei\u00dfen Sommertag ein k\u00fchlendes Bad im See zu nehmen. Dazu z\u00e4hlt der Tegernsee zu den saubersten Seen in Bayern.<\/p>\n\n\n\n<p>Insbesondere in Bad Wiessee gibt es eine Vielzahl von Strandb\u00e4der und Badem\u00f6glichkeiten, so z.B. das Strandbad in Abwinkl.<\/p>\n\n\n\n<p>Wem das zu langweilig ist, der kann auch eine Runde mit dem Tret- oder Ruderboot drehen oder sich im Windsurfen oder Segeln \u00fcben.<\/p>\n\n\n\n<figure class=\"wp-block-image size-large\"><img fetchpriority=\"high\" decoding=\"async\" width=\"1024\" height=\"768\" src=\"https:\/\/www.gaestehaus-mariele.de\/wordpress\/wp-content\/uploads\/2026\/04\/DSCN0635-1024x768.jpg\" alt=\"Segelboote und Wassersportler auf dem sommerlichen Tegernsee\" class=\"wp-image-552\" srcset=\"https:\/\/www.gaestehaus-mariele.de\/wordpress\/wp-content\/uploads\/2026\/04\/DSCN0635-1024x768.jpg 1024w, https:\/\/www.gaestehaus-mariele.de\/wordpress\/wp-content\/uploads\/2026\/04\/DSCN0635-300x225.jpg 300w, https:\/\/www.gaestehaus-mariele.de\/wordpress\/wp-content\/uploads\/2026\/04\/DSCN0635-768x576.jpg 768w, https:\/\/www.gaestehaus-mariele.de\/wordpress\/wp-content\/uploads\/2026\/04\/DSCN0635-150x113.jpg 150w, https:\/\/www.gaestehaus-mariele.de\/wordpress\/wp-content\/uploads\/2026\/04\/DSCN0635.jpg 1200w\" sizes=\"(max-width: 1024px) 100vw, 1024px\" \/><\/figure>\n\n\n\n<p><\/p>\n","protected":false},"excerpt":{"rendered":"<p>Badespa\u00df im Tegernsee Nat\u00fcrlich ich der Tegernsee ein idealer Badesee. Es gibt nichts Sch\u00f6neres als an einem hei\u00dfen Sommertag ein k\u00fchlendes Bad im See zu nehmen. Dazu z\u00e4hlt der Tegernsee zu den saubersten Seen in Bayern. Insbesondere in Bad Wiessee gibt es eine Vielzahl von Strandb\u00e4der und Badem\u00f6glichkeiten, so z.B.\u2026<\/p>\n<p class=\"continue-reading-button\"> <a class=\"continue-reading-link\" href=\"https:\/\/www.gaestehaus-mariele.de\/wordpress\/freizeit-tipps-um-den-tegernsee\/\">Weiterlesen<i class=\"crycon-right-dir\"><\/i><\/a><\/p>\n","protected":false},"author":1,"featured_media":0,"parent":0,"menu_order":0,"comment_status":"closed","ping_status":"open","template":"","meta":{"footnotes":""},"class_list":["post-113","page","type-page","status-publish","hentry"],"_links":{"self":[{"href":"https:\/\/www.gaestehaus-mariele.de\/wordpress\/wp-json\/wp\/v2\/pages\/113","targetHints":{"allow":["GET"]}}],"collection":[{"href":"https:\/\/www.gaestehaus-mariele.de\/wordpress\/wp-json\/wp\/v2\/pages"}],"about":[{"href":"https:\/\/www.gaestehaus-mariele.de\/wordpress\/wp-json\/wp\/v2\/types\/page"}],"author":[{"embeddable":true,"href":"https:\/\/www.gaestehaus-mariele.de\/wordpress\/wp-json\/wp\/v2\/users\/1"}],"replies":[{"embeddable":true,"href":"https:\/\/www.gaestehaus-mariele.de\/wordpress\/wp-json\/wp\/v2\/comments?post=113"}],"version-history":[{"count":5,"href":"https:\/\/www.gaestehaus-mariele.de\/wordpress\/wp-json\/wp\/v2\/pages\/113\/revisions"}],"predecessor-version":[{"id":554,"href":"https:\/\/www.gaestehaus-mariele.de\/wordpress\/wp-json\/wp\/v2\/pages\/113\/revisions\/554"}],"wp:attachment":[{"href":"https:\/\/www.gaestehaus-mariele.de\/wordpress\/wp-json\/wp\/v2\/media?parent=113"}],"curies":[{"name":"wp","href":"https:\/\/api.w.org\/{rel}","templated":true}]}}