{"id":2,"date":"2011-12-28T11:59:57","date_gmt":"2011-12-28T11:59:57","guid":{"rendered":"http:\/\/gaestehaus-mariele.de\/?page_id=2"},"modified":"2026-03-31T08:55:54","modified_gmt":"2026-03-31T08:55:54","slug":"zimmer","status":"publish","type":"page","link":"https:\/\/www.gaestehaus-mariele.de\/wordpress\/zimmer\/","title":{"rendered":"Zimmer"},"content":{"rendered":"\t\t<div data-elementor-type=\"wp-page\" data-elementor-id=\"2\" class=\"elementor elementor-2\">\n\t\t\t\t<div class=\"elementor-element elementor-element-14d4b256 e-flex e-con-boxed e-con e-parent\" data-id=\"14d4b256\" data-element_type=\"container\">\n\t\t\t\t\t<div class=\"e-con-inner\">\n\t\t\t\t<div class=\"elementor-element elementor-element-7a21c63e elementor-widget elementor-widget-text-editor\" data-id=\"7a21c63e\" data-element_type=\"widget\" data-widget_type=\"text-editor.default\">\n\t\t\t\t\t\t\t\t\tUnser G\u00e4stehaus verf\u00fcgt \u00fcber <strong>11 Betten<\/strong>, aufgeteilt in <strong>3 Einzelzimmer<\/strong>, <strong>3 Doppelzimmer<\/strong> und einer <strong>Suite<\/strong>. Wir legen Wert auf eine pers\u00f6nliche Betreuung w\u00e4hrend Ihres Aufenthaltes und haben ganzj\u00e4hrig ge\u00f6ffnet.\r\n\r\nAlle unsere Zimmer sind im gem\u00fctlichen bayerischen Stil eingerichtet und verf\u00fcgen \u00fcber einen Balkon und Dusche\/WC. Zur Zimmerausstattung geh\u00f6ren Kabel-\/SAT-Fernsehen, Safe und in den Doppelzimmern auch K\u00fchlschrank oder Minibar.\r\n\r\nUnsere Suite mit 40 qm Wohnfl\u00e4che verf\u00fcgt zus\u00e4tzlich \u00fcber einen gepflegten Wohn-\/Schlafraum mit kleiner K\u00fcche.\r\n\r\nBevor Sie die vielf\u00e4ltigen Freizeitm\u00f6glichkeiten in Bad Wiessee und am Tegernsee nutzen, m\u00f6chten wir Sie morgens gerne mit einem reichhaltigen Fr\u00fchst\u00fcck st\u00e4rken. Das Fr\u00fchst\u00fcck k\u00f6nnen Sie in unserer gem\u00fctlichen Gaststube oder bei sch\u00f6nem Wetter auch auf unserer gro\u00dfen Au\u00dfenterasse zu sich nehmen.\r\n\r\n\t\t\t\t\t\t\t\t<\/div>\n\t\t\t\t\t<\/div>\n\t\t\t\t<\/div>\n\t\t<div class=\"elementor-element elementor-element-f73f16b e-flex e-con-boxed e-con e-parent\" data-id=\"f73f16b\" data-element_type=\"container\">\n\t\t\t\t\t<div class=\"e-con-inner\">\n\t\t<div class=\"elementor-element elementor-element-77a4e33 e-con-full e-flex e-con e-child\" data-id=\"77a4e33\" data-element_type=\"container\">\n\t\t\t\t<div class=\"elementor-element elementor-element-bb59972 elementor-widget elementor-widget-text-editor\" data-id=\"bb59972\" data-element_type=\"widget\" data-widget_type=\"text-editor.default\">\n\t\t\t\t\t\t\t\t\t<p class=\"roomLinkLine\" style=\"text-align: center;\"><a href=\"https:\/\/www.gaestehaus-mariele.de\/wordpress\/zimmer\/einzelzimmer\/\">Einzelzimmer<\/a><\/p>\t\t\t\t\t\t\t\t<\/div>\n\t\t\t\t<div class=\"elementor-element elementor-element-39c37f5 elementor-widget elementor-widget-image\" data-id=\"39c37f5\" data-element_type=\"widget\" data-widget_type=\"image.default\">\n\t\t\t\t\t\t\t\t\t\t\t\t\t\t\t\t<a href=\"https:\/\/www.gaestehaus-mariele.de\/wordpress\/zimmer\/einzelzimmer\/\">\n\t\t\t\t\t\t\t<img fetchpriority=\"high\" decoding=\"async\" width=\"900\" height=\"596\" src=\"https:\/\/www.gaestehaus-mariele.de\/wordpress\/wp-content\/uploads\/2026\/03\/01_Einzelzimmer-1024x678.jpg\" class=\"attachment-large size-large wp-image-514\" alt=\"\" srcset=\"https:\/\/www.gaestehaus-mariele.de\/wordpress\/wp-content\/uploads\/2026\/03\/01_Einzelzimmer-1024x678.jpg 1024w, https:\/\/www.gaestehaus-mariele.de\/wordpress\/wp-content\/uploads\/2026\/03\/01_Einzelzimmer-300x199.jpg 300w, https:\/\/www.gaestehaus-mariele.de\/wordpress\/wp-content\/uploads\/2026\/03\/01_Einzelzimmer-768x508.jpg 768w, https:\/\/www.gaestehaus-mariele.de\/wordpress\/wp-content\/uploads\/2026\/03\/01_Einzelzimmer-150x99.jpg 150w, https:\/\/www.gaestehaus-mariele.de\/wordpress\/wp-content\/uploads\/2026\/03\/01_Einzelzimmer.jpg 1200w\" sizes=\"(max-width: 900px) 100vw, 900px\" \/>\t\t\t\t\t\t\t\t<\/a>\n\t\t\t\t\t\t\t\t\t\t\t\t\t\t\t<\/div>\n\t\t\t\t<\/div>\n\t\t<div class=\"elementor-element elementor-element-2628bf7 e-con-full e-flex e-con e-child\" data-id=\"2628bf7\" data-element_type=\"container\">\n\t\t\t\t<div class=\"elementor-element elementor-element-5c5f65d elementor-widget elementor-widget-text-editor\" data-id=\"5c5f65d\" data-element_type=\"widget\" data-widget_type=\"text-editor.default\">\n\t\t\t\t\t\t\t\t\t<p class=\"roomLinkLine\" style=\"text-align: center;\"><a href=\"https:\/\/www.gaestehaus-mariele.de\/wordpress\/zimmer\/doppelzimmer\/\">Doppelzimmer<\/a><\/p>\t\t\t\t\t\t\t\t<\/div>\n\t\t\t\t<div class=\"elementor-element elementor-element-805b94a elementor-widget elementor-widget-image\" data-id=\"805b94a\" data-element_type=\"widget\" data-widget_type=\"image.default\">\n\t\t\t\t\t\t\t\t\t\t\t\t\t\t\t\t<a href=\"https:\/\/www.gaestehaus-mariele.de\/wordpress\/zimmer\/doppelzimmer\/\">\n\t\t\t\t\t\t\t<img decoding=\"async\" width=\"900\" height=\"598\" src=\"https:\/\/www.gaestehaus-mariele.de\/wordpress\/wp-content\/uploads\/2026\/03\/01_Doppelzimmer_10-2-1024x680.jpg\" class=\"attachment-large size-large wp-image-525\" alt=\"\" srcset=\"https:\/\/www.gaestehaus-mariele.de\/wordpress\/wp-content\/uploads\/2026\/03\/01_Doppelzimmer_10-2-1024x680.jpg 1024w, https:\/\/www.gaestehaus-mariele.de\/wordpress\/wp-content\/uploads\/2026\/03\/01_Doppelzimmer_10-2-300x199.jpg 300w, https:\/\/www.gaestehaus-mariele.de\/wordpress\/wp-content\/uploads\/2026\/03\/01_Doppelzimmer_10-2-768x510.jpg 768w, https:\/\/www.gaestehaus-mariele.de\/wordpress\/wp-content\/uploads\/2026\/03\/01_Doppelzimmer_10-2-150x100.jpg 150w, https:\/\/www.gaestehaus-mariele.de\/wordpress\/wp-content\/uploads\/2026\/03\/01_Doppelzimmer_10-2.jpg 1200w\" sizes=\"(max-width: 900px) 100vw, 900px\" \/>\t\t\t\t\t\t\t\t<\/a>\n\t\t\t\t\t\t\t\t\t\t\t\t\t\t\t<\/div>\n\t\t\t\t<\/div>\n\t\t<div class=\"elementor-element elementor-element-91e73a7 e-con-full e-flex e-con e-child\" data-id=\"91e73a7\" data-element_type=\"container\">\n\t\t\t\t<div class=\"elementor-element elementor-element-1bf3756 elementor-widget elementor-widget-text-editor\" data-id=\"1bf3756\" data-element_type=\"widget\" data-widget_type=\"text-editor.default\">\n\t\t\t\t\t\t\t\t\t<p class=\"roomLinkLine\" style=\"text-align: center;\"><a href=\"https:\/\/www.gaestehaus-mariele.de\/wordpress\/zimmer\/suite\/\">Suite<\/a><\/p>\t\t\t\t\t\t\t\t<\/div>\n\t\t\t\t<div class=\"elementor-element elementor-element-6211e6f elementor-widget elementor-widget-image\" data-id=\"6211e6f\" data-element_type=\"widget\" data-widget_type=\"image.default\">\n\t\t\t\t\t\t\t\t\t\t\t\t\t\t\t\t<a href=\"https:\/\/www.gaestehaus-mariele.de\/wordpress\/zimmer\/suite\/\">\n\t\t\t\t\t\t\t<img decoding=\"async\" width=\"900\" height=\"597\" src=\"https:\/\/www.gaestehaus-mariele.de\/wordpress\/wp-content\/uploads\/2026\/03\/01_Suite-1024x679.jpg\" class=\"attachment-large size-large wp-image-537\" alt=\"\" srcset=\"https:\/\/www.gaestehaus-mariele.de\/wordpress\/wp-content\/uploads\/2026\/03\/01_Suite-1024x679.jpg 1024w, https:\/\/www.gaestehaus-mariele.de\/wordpress\/wp-content\/uploads\/2026\/03\/01_Suite-300x199.jpg 300w, https:\/\/www.gaestehaus-mariele.de\/wordpress\/wp-content\/uploads\/2026\/03\/01_Suite-768x509.jpg 768w, https:\/\/www.gaestehaus-mariele.de\/wordpress\/wp-content\/uploads\/2026\/03\/01_Suite-150x100.jpg 150w, https:\/\/www.gaestehaus-mariele.de\/wordpress\/wp-content\/uploads\/2026\/03\/01_Suite.jpg 1200w\" sizes=\"(max-width: 900px) 100vw, 900px\" \/>\t\t\t\t\t\t\t\t<\/a>\n\t\t\t\t\t\t\t\t\t\t\t\t\t\t\t<\/div>\n\t\t\t\t<\/div>\n\t\t\t\t\t<\/div>\n\t\t\t\t<\/div>\n\t\t\t\t<\/div>\n\t\t","protected":false},"excerpt":{"rendered":"<p>Unser G\u00e4stehaus verf\u00fcgt \u00fcber 11 Betten, aufgeteilt in 3 Einzelzimmer, 3 Doppelzimmer und einer Suite. Wir legen Wert auf eine pers\u00f6nliche Betreuung w\u00e4hrend Ihres Aufenthaltes und haben ganzj\u00e4hrig ge\u00f6ffnet. Alle unsere Zimmer sind im gem\u00fctlichen bayerischen Stil eingerichtet und verf\u00fcgen \u00fcber einen Balkon und Dusche\/WC. Zur Zimmerausstattung geh\u00f6ren Kabel-\/SAT-Fernsehen, Safe\u2026<\/p>\n<p class=\"continue-reading-button\"> <a class=\"continue-reading-link\" href=\"https:\/\/www.gaestehaus-mariele.de\/wordpress\/zimmer\/\">Weiterlesen<i class=\"crycon-right-dir\"><\/i><\/a><\/p>\n","protected":false},"author":1,"featured_media":0,"parent":0,"menu_order":0,"comment_status":"closed","ping_status":"open","template":"","meta":{"footnotes":""},"class_list":["post-2","page","type-page","status-publish","hentry"],"_links":{"self":[{"href":"https:\/\/www.gaestehaus-mariele.de\/wordpress\/wp-json\/wp\/v2\/pages\/2","targetHints":{"allow":["GET"]}}],"collection":[{"href":"https:\/\/www.gaestehaus-mariele.de\/wordpress\/wp-json\/wp\/v2\/pages"}],"about":[{"href":"https:\/\/www.gaestehaus-mariele.de\/wordpress\/wp-json\/wp\/v2\/types\/page"}],"author":[{"embeddable":true,"href":"https:\/\/www.gaestehaus-mariele.de\/wordpress\/wp-json\/wp\/v2\/users\/1"}],"replies":[{"embeddable":true,"href":"https:\/\/www.gaestehaus-mariele.de\/wordpress\/wp-json\/wp\/v2\/comments?post=2"}],"version-history":[{"count":15,"href":"https:\/\/www.gaestehaus-mariele.de\/wordpress\/wp-json\/wp\/v2\/pages\/2\/revisions"}],"predecessor-version":[{"id":551,"href":"https:\/\/www.gaestehaus-mariele.de\/wordpress\/wp-json\/wp\/v2\/pages\/2\/revisions\/551"}],"wp:attachment":[{"href":"https:\/\/www.gaestehaus-mariele.de\/wordpress\/wp-json\/wp\/v2\/media?parent=2"}],"curies":[{"name":"wp","href":"https:\/\/api.w.org\/{rel}","templated":true}]}}