{"id":308,"date":"2025-12-08T11:14:10","date_gmt":"2025-12-08T11:14:10","guid":{"rendered":"https:\/\/www.gaestehaus-mariele.de\/wordpress\/?page_id=308"},"modified":"2026-04-01T15:20:38","modified_gmt":"2026-04-01T15:20:38","slug":"anfahrt","status":"publish","type":"page","link":"https:\/\/www.gaestehaus-mariele.de\/wordpress\/anfahrt\/","title":{"rendered":"Anfahrt"},"content":{"rendered":"\t\t<div data-elementor-type=\"wp-page\" data-elementor-id=\"308\" class=\"elementor elementor-308\">\n\t\t\t\t<div class=\"elementor-element elementor-element-6f7185d e-flex e-con-boxed e-con e-parent\" data-id=\"6f7185d\" data-element_type=\"container\">\n\t\t\t\t\t<div class=\"e-con-inner\">\n\t\t\t\t<div class=\"elementor-element elementor-element-4a72e3e elementor-widget elementor-widget-text-editor\" data-id=\"4a72e3e\" data-element_type=\"widget\" data-widget_type=\"text-editor.default\">\n\t\t\t\t\t\t\t\t\t<ul><li>A8 M\u00fcnchen \u2013 Salzburg, Ausfahrt Holzkirchen &gt; Richtung Tegernsee\/Bad Wiessee<\/li><li>Gmund, an der Ampelkreuzung rechts abbiegen Richtung Bad Wiessee (B 318)<\/li><li>In Bad Wiessee nach ca. 300 m rechts abbiegen in die Kogelkopfstra\u00dfe<\/li><li>Nach 300 m links in die Birkenstra\u00dfe, dort hei\u00dft es \u201cHerzlich willkommen im G\u00e4stehaus Mariele\u201d<\/li><li>G\u00e4stehaus Mariele Maria Glonner<br data-epi-spacing>D-83707 Bad Wiessee, Birkenstr. 32<br data-epi-spacing>Telefon: <a href=\"tel:+49-8022-82287\">+49 (0) 80 22 \u2013 8 22 87<\/a><br data-epi-spacing>Fax: +49 (0) 80 22 \u2013 8 22 87<br data-epi-spacing>E-Mail: <a href=\"mailto:gaestehaus.mariele@freenet.de\">gaestehaus.mariele@freenet.de<\/a><\/li><\/ul>\t\t\t\t\t\t\t\t<\/div>\n\t\t\t\t\t<\/div>\n\t\t\t\t<\/div>\n\t\t<div class=\"elementor-element elementor-element-92723cb e-flex e-con-boxed e-con e-parent\" data-id=\"92723cb\" data-element_type=\"container\">\n\t\t\t\t\t<div class=\"e-con-inner\">\n\t\t\t\t<div class=\"elementor-element elementor-element-b3410ec elementor-widget elementor-widget-html\" data-id=\"b3410ec\" data-element_type=\"widget\" data-widget_type=\"html.default\">\n\t\t\t\t\t<div class=\"embed-privacy-container is-disabled embed-google-maps\" data-embed-id=\"oembed_7aa9c76ab4a69ae68c63eb7201efad96\" data-embed-provider=\"google-maps\">\t\t\t\t\t\t<button type=\"button\" class=\"embed-privacy-enable screen-reader-text\">Inhalt von Google Maps anzeigen<\/button>\t\t\t\t\t\t<div class=\"embed-privacy-overlay\">\t\t\t\t<div class=\"embed-privacy-inner\">\t\t\t\t\t<div class=\"embed-privacy-logo\" style=\"background-image: url(https:\/\/www.gaestehaus-mariele.de\/wordpress\/wp-content\/plugins\/embed-privacy\/assets\/images\/embed-google-maps.png?ver=1.12.3);\"><\/div>\t\t<p>\t\tHier klicken, um den Inhalt von Google Maps anzuzeigen.\t\t\t\t\t<br>\t\t\t\t\tErfahre mehr in der <a href=\"https:\/\/policies.google.com\/privacy?hl=de\" target=\"_blank\">Datenschutzerkl\u00e4rung von Google Maps<\/a>.\t\t<\/p>\t\t<p class=\"embed-privacy-input-wrapper\">\t\t\t<input id=\"embed-privacy-store-google-maps-7aa9c76ab4a69ae68c63eb7201efad96\" type=\"checkbox\" value=\"1\" class=\"embed-privacy-input\" data-embed-provider=\"google-maps\">\t\t\t<label for=\"embed-privacy-store-google-maps-7aa9c76ab4a69ae68c63eb7201efad96\" class=\"embed-privacy-label\" data-embed-provider=\"google-maps\">\t\t\t\tInhalt von Google Maps immer anzeigen\t\t\t<\/label>\t\t<\/p>\t\t\t\t\t\t<\/div>\t\t\t\t\t\t\t\t<div class=\"embed-privacy-footer\"><span class=\"embed-privacy-url\"><a href=\"https:\/\/www.google.com\/maps\/embed?pb=!1m14!1m8!1m3!1d6384.467764233625!2d11.71888338242498!3d47.7166881199741!3m2!1i1024!2i768!4f13.1!3m3!1m2!1s0x479d8e74d80ee5e3%3A0x5fc9cb9668175e2!2sLorenz%20Glonner!5e0!3m2!1sde!2sde!4v1769616412147!5m2!1sde!2sde\">Inhalt direkt \u00f6ffnen<\/a><\/span><\/div>\t\t\t<\/div>\t\t\t\t\t\t<div class=\"embed-privacy-content\">\t\t\t\t<script>var _oembed_7aa9c76ab4a69ae68c63eb7201efad96 = '{\\\"embed\\\":\\\"&lt;iframe src=&quot;https:\\\\\/\\\\\/www.google.com\\\\\/maps\\\\\/embed?pb=!1m14!1m8!1m3!1d6384.467764233625!2d11.71888338242498!3d47.7166881199741!3m2!1i1024!2i768!4f13.1!3m3!1m2!1s0x479d8e74d80ee5e3%3A0x5fc9cb9668175e2!2sLorenz%20Glonner!5e0!3m2!1sde!2sde!4v1769616412147!5m2!1sde!2sde&quot; style=&quot;width:100%;aspect-ratio:10\\\\\/6;&quot; height=&quot;450&quot; allowfullscreen=&quot;&quot; loading=&quot;lazy&quot; referrerpolicy=&quot;no-referrer-when-downgrade&quot;&gt;&lt;\\\\\/iframe&gt;\\\"}';<\/script>\t\t\t<\/div>\t\t<\/div>\t\t\t\t<\/div>\n\t\t\t\t\t<\/div>\n\t\t\t\t<\/div>\n\t\t\t\t<\/div>\n\t\t","protected":false},"excerpt":{"rendered":"<p>A8 M\u00fcnchen \u2013 Salzburg, Ausfahrt Holzkirchen &gt; Richtung Tegernsee\/Bad Wiessee Gmund, an der Ampelkreuzung rechts abbiegen Richtung Bad Wiessee (B 318) In Bad Wiessee nach ca. 300 m rechts abbiegen in die Kogelkopfstra\u00dfe Nach 300 m links in die Birkenstra\u00dfe, dort hei\u00dft es \u201cHerzlich willkommen im G\u00e4stehaus Mariele\u201d G\u00e4stehaus Mariele\u2026<\/p>\n<p class=\"continue-reading-button\"> <a class=\"continue-reading-link\" href=\"https:\/\/www.gaestehaus-mariele.de\/wordpress\/anfahrt\/\">Weiterlesen<i class=\"crycon-right-dir\"><\/i><\/a><\/p>\n","protected":false},"author":2,"featured_media":0,"parent":0,"menu_order":0,"comment_status":"closed","ping_status":"closed","template":"","meta":{"footnotes":""},"class_list":["post-308","page","type-page","status-publish","hentry"],"_links":{"self":[{"href":"https:\/\/www.gaestehaus-mariele.de\/wordpress\/wp-json\/wp\/v2\/pages\/308","targetHints":{"allow":["GET"]}}],"collection":[{"href":"https:\/\/www.gaestehaus-mariele.de\/wordpress\/wp-json\/wp\/v2\/pages"}],"about":[{"href":"https:\/\/www.gaestehaus-mariele.de\/wordpress\/wp-json\/wp\/v2\/types\/page"}],"author":[{"embeddable":true,"href":"https:\/\/www.gaestehaus-mariele.de\/wordpress\/wp-json\/wp\/v2\/users\/2"}],"replies":[{"embeddable":true,"href":"https:\/\/www.gaestehaus-mariele.de\/wordpress\/wp-json\/wp\/v2\/comments?post=308"}],"version-history":[{"count":23,"href":"https:\/\/www.gaestehaus-mariele.de\/wordpress\/wp-json\/wp\/v2\/pages\/308\/revisions"}],"predecessor-version":[{"id":576,"href":"https:\/\/www.gaestehaus-mariele.de\/wordpress\/wp-json\/wp\/v2\/pages\/308\/revisions\/576"}],"wp:attachment":[{"href":"https:\/\/www.gaestehaus-mariele.de\/wordpress\/wp-json\/wp\/v2\/media?parent=308"}],"curies":[{"name":"wp","href":"https:\/\/api.w.org\/{rel}","templated":true}]}}