{"id":37,"date":"2014-01-28T11:33:19","date_gmt":"2014-01-28T11:33:19","guid":{"rendered":"http:\/\/gaestehaus-mariele.de\/?page_id=37"},"modified":"2026-04-01T10:27:01","modified_gmt":"2026-04-01T10:27:01","slug":"suite","status":"publish","type":"page","link":"https:\/\/www.gaestehaus-mariele.de\/wordpress\/zimmer\/suite\/","title":{"rendered":"Suite"},"content":{"rendered":"\t\t<div data-elementor-type=\"wp-page\" data-elementor-id=\"37\" class=\"elementor elementor-37\">\n\t\t\t\t<div class=\"elementor-element elementor-element-6bc49c70 e-flex e-con-boxed e-con e-parent\" data-id=\"6bc49c70\" data-element_type=\"container\">\n\t\t\t\t\t<div class=\"e-con-inner\">\n\t\t\t\t<div class=\"elementor-element elementor-element-44da4d07 elementor-widget elementor-widget-text-editor\" data-id=\"44da4d07\" data-element_type=\"widget\" data-widget_type=\"text-editor.default\">\n\t\t\t\t\t\t\t\t\t<p>Sehr ruhige Suite (ca. 40 qm) f\u00fcr 2 Personen im bayerischen Stil in herrlicher Lage (Wohnbereich mit K\u00fcche sowie separatem Schlafraum). Nichtraucherwohnung, hochwertig ausgestattet mit Balkon.<br \/><div class=\"su-column su-column-size-1-2\"><div class=\"su-column-inner su-u-clearfix su-u-trim\"><\/p><h2 style=\"text-align: center;\">Preis: ab \u20ac 88,00<\/h2><p><\/div><\/div><br \/><div class=\"su-column su-column-size-1-2 su-column-last\"><div class=\"su-column-inner su-u-clearfix su-u-trim\"><em>Preis versteht sich pro Zimmer und Tag , inklusive Fr\u00fchst\u00fcck. Alle Preise zuz\u00fcglich gemeindlicher Kurtaxe (\u20ac 3,00 Tag \/ Gast).<\/em><\/p><p><b>Nebensaison<\/b> (16.10.-30.04.): <strong>88<\/strong><b>,00 \u20ac<\/b><br \/><b>Hauptsaison<\/b> (01.05.-15.10 und 21.12.- 06.01.): <strong>96,00 \u20ac<\/strong><\/div><\/div><\/p>\t\t\t\t\t\t\t\t<\/div>\n\t\t\t\t\t<\/div>\n\t\t\t\t<\/div>\n\t\t<div class=\"elementor-element elementor-element-8ea1a06 e-flex e-con-boxed e-con e-parent\" data-id=\"8ea1a06\" data-element_type=\"container\">\n\t\t\t\t\t<div class=\"e-con-inner\">\n\t\t\t\t<div class=\"elementor-element elementor-element-1d35214 gallery-spacing-custom elementor-widget elementor-widget-image-gallery\" data-id=\"1d35214\" data-element_type=\"widget\" data-widget_type=\"image-gallery.default\">\n\t\t\t\t\t\t\t<div class=\"elementor-image-gallery\">\n\t\t\t\n\t\t<style type=\"text\/css\">\n\t\t\t#gallery-1 {\n\t\t\t\tmargin: auto;\n\t\t\t}\n\t\t\t#gallery-1 .gallery-item {\n\t\t\t\tfloat: left;\n\t\t\t\tmargin-top: 10px;\n\t\t\t\ttext-align: center;\n\t\t\t\twidth: 33%;\n\t\t\t}\n\t\t\t#gallery-1 img {\n\t\t\t\tborder: 2px solid #cfcfcf;\n\t\t\t}\n\t\t\t#gallery-1 .gallery-caption {\n\t\t\t\tmargin-left: 0;\n\t\t\t}\n\t\t\t\/* see gallery_shortcode() in wp-includes\/media.php *\/\n\t\t<\/style>\n\t\t<div id='gallery-1' class='gallery galleryid-37 gallery-columns-3 gallery-size-medium_large'><dl class='gallery-item'>\n\t\t\t<dt class='gallery-icon landscape'>\n\t\t\t\t<a data-elementor-open-lightbox=\"yes\" data-elementor-lightbox-slideshow=\"1d35214\" data-elementor-lightbox-title=\"01_Suite\" data-e-action-hash=\"#elementor-action%3Aaction%3Dlightbox%26settings%3DeyJpZCI6NTM3LCJ1cmwiOiJodHRwczpcL1wvd3d3LmdhZXN0ZWhhdXMtbWFyaWVsZS5kZVwvd29yZHByZXNzXC93cC1jb250ZW50XC91cGxvYWRzXC8yMDI2XC8wM1wvMDFfU3VpdGUuanBnIiwic2xpZGVzaG93IjoiMWQzNTIxNCJ9\" href='https:\/\/www.gaestehaus-mariele.de\/wordpress\/wp-content\/uploads\/2026\/03\/01_Suite.jpg'><img fetchpriority=\"high\" decoding=\"async\" width=\"768\" height=\"509\" src=\"https:\/\/www.gaestehaus-mariele.de\/wordpress\/wp-content\/uploads\/2026\/03\/01_Suite-768x509.jpg\" class=\"attachment-medium_large size-medium_large\" alt=\"\" srcset=\"https:\/\/www.gaestehaus-mariele.de\/wordpress\/wp-content\/uploads\/2026\/03\/01_Suite-768x509.jpg 768w, https:\/\/www.gaestehaus-mariele.de\/wordpress\/wp-content\/uploads\/2026\/03\/01_Suite-300x199.jpg 300w, https:\/\/www.gaestehaus-mariele.de\/wordpress\/wp-content\/uploads\/2026\/03\/01_Suite-1024x679.jpg 1024w, https:\/\/www.gaestehaus-mariele.de\/wordpress\/wp-content\/uploads\/2026\/03\/01_Suite-150x100.jpg 150w, https:\/\/www.gaestehaus-mariele.de\/wordpress\/wp-content\/uploads\/2026\/03\/01_Suite.jpg 1200w\" sizes=\"(max-width: 768px) 100vw, 768px\" \/><\/a>\n\t\t\t<\/dt><\/dl><dl class='gallery-item'>\n\t\t\t<dt class='gallery-icon landscape'>\n\t\t\t\t<a data-elementor-open-lightbox=\"yes\" data-elementor-lightbox-slideshow=\"1d35214\" data-elementor-lightbox-title=\"02_Suite\" data-e-action-hash=\"#elementor-action%3Aaction%3Dlightbox%26settings%3DeyJpZCI6NTMzLCJ1cmwiOiJodHRwczpcL1wvd3d3LmdhZXN0ZWhhdXMtbWFyaWVsZS5kZVwvd29yZHByZXNzXC93cC1jb250ZW50XC91cGxvYWRzXC8yMDI2XC8wM1wvMDJfU3VpdGUuanBnIiwic2xpZGVzaG93IjoiMWQzNTIxNCJ9\" href='https:\/\/www.gaestehaus-mariele.de\/wordpress\/wp-content\/uploads\/2026\/03\/02_Suite.jpg'><img decoding=\"async\" width=\"768\" height=\"508\" src=\"https:\/\/www.gaestehaus-mariele.de\/wordpress\/wp-content\/uploads\/2026\/03\/02_Suite-768x508.jpg\" class=\"attachment-medium_large size-medium_large\" alt=\"\" srcset=\"https:\/\/www.gaestehaus-mariele.de\/wordpress\/wp-content\/uploads\/2026\/03\/02_Suite-768x508.jpg 768w, https:\/\/www.gaestehaus-mariele.de\/wordpress\/wp-content\/uploads\/2026\/03\/02_Suite-300x198.jpg 300w, https:\/\/www.gaestehaus-mariele.de\/wordpress\/wp-content\/uploads\/2026\/03\/02_Suite-1024x677.jpg 1024w, https:\/\/www.gaestehaus-mariele.de\/wordpress\/wp-content\/uploads\/2026\/03\/02_Suite-150x99.jpg 150w, https:\/\/www.gaestehaus-mariele.de\/wordpress\/wp-content\/uploads\/2026\/03\/02_Suite.jpg 1200w\" sizes=\"(max-width: 768px) 100vw, 768px\" \/><\/a>\n\t\t\t<\/dt><\/dl><dl class='gallery-item'>\n\t\t\t<dt class='gallery-icon landscape'>\n\t\t\t\t<a data-elementor-open-lightbox=\"yes\" data-elementor-lightbox-slideshow=\"1d35214\" data-elementor-lightbox-title=\"07_Suite\" data-e-action-hash=\"#elementor-action%3Aaction%3Dlightbox%26settings%3DeyJpZCI6NTM0LCJ1cmwiOiJodHRwczpcL1wvd3d3LmdhZXN0ZWhhdXMtbWFyaWVsZS5kZVwvd29yZHByZXNzXC93cC1jb250ZW50XC91cGxvYWRzXC8yMDI2XC8wM1wvMDdfU3VpdGUuanBnIiwic2xpZGVzaG93IjoiMWQzNTIxNCJ9\" href='https:\/\/www.gaestehaus-mariele.de\/wordpress\/wp-content\/uploads\/2026\/03\/07_Suite.jpg'><img decoding=\"async\" width=\"768\" height=\"509\" src=\"https:\/\/www.gaestehaus-mariele.de\/wordpress\/wp-content\/uploads\/2026\/03\/07_Suite-768x509.jpg\" class=\"attachment-medium_large size-medium_large\" alt=\"\" srcset=\"https:\/\/www.gaestehaus-mariele.de\/wordpress\/wp-content\/uploads\/2026\/03\/07_Suite-768x509.jpg 768w, https:\/\/www.gaestehaus-mariele.de\/wordpress\/wp-content\/uploads\/2026\/03\/07_Suite-300x199.jpg 300w, https:\/\/www.gaestehaus-mariele.de\/wordpress\/wp-content\/uploads\/2026\/03\/07_Suite-1024x679.jpg 1024w, https:\/\/www.gaestehaus-mariele.de\/wordpress\/wp-content\/uploads\/2026\/03\/07_Suite-150x100.jpg 150w, https:\/\/www.gaestehaus-mariele.de\/wordpress\/wp-content\/uploads\/2026\/03\/07_Suite.jpg 1200w\" sizes=\"(max-width: 768px) 100vw, 768px\" \/><\/a>\n\t\t\t<\/dt><\/dl><br style=\"clear: both\" \/><dl class='gallery-item'>\n\t\t\t<dt class='gallery-icon landscape'>\n\t\t\t\t<a data-elementor-open-lightbox=\"yes\" data-elementor-lightbox-slideshow=\"1d35214\" data-elementor-lightbox-title=\"06_Suite\" data-e-action-hash=\"#elementor-action%3Aaction%3Dlightbox%26settings%3DeyJpZCI6NTQ1LCJ1cmwiOiJodHRwczpcL1wvd3d3LmdhZXN0ZWhhdXMtbWFyaWVsZS5kZVwvd29yZHByZXNzXC93cC1jb250ZW50XC91cGxvYWRzXC8yMDI2XC8wM1wvMDZfU3VpdGUuanBnIiwic2xpZGVzaG93IjoiMWQzNTIxNCJ9\" href='https:\/\/www.gaestehaus-mariele.de\/wordpress\/wp-content\/uploads\/2026\/03\/06_Suite.jpg'><img loading=\"lazy\" decoding=\"async\" width=\"768\" height=\"509\" src=\"https:\/\/www.gaestehaus-mariele.de\/wordpress\/wp-content\/uploads\/2026\/03\/06_Suite-768x509.jpg\" class=\"attachment-medium_large size-medium_large\" alt=\"\" srcset=\"https:\/\/www.gaestehaus-mariele.de\/wordpress\/wp-content\/uploads\/2026\/03\/06_Suite-768x509.jpg 768w, https:\/\/www.gaestehaus-mariele.de\/wordpress\/wp-content\/uploads\/2026\/03\/06_Suite-300x199.jpg 300w, https:\/\/www.gaestehaus-mariele.de\/wordpress\/wp-content\/uploads\/2026\/03\/06_Suite-1024x678.jpg 1024w, https:\/\/www.gaestehaus-mariele.de\/wordpress\/wp-content\/uploads\/2026\/03\/06_Suite-150x99.jpg 150w, https:\/\/www.gaestehaus-mariele.de\/wordpress\/wp-content\/uploads\/2026\/03\/06_Suite.jpg 1200w\" sizes=\"(max-width: 768px) 100vw, 768px\" \/><\/a>\n\t\t\t<\/dt><\/dl><dl class='gallery-item'>\n\t\t\t<dt class='gallery-icon landscape'>\n\t\t\t\t<a data-elementor-open-lightbox=\"yes\" data-elementor-lightbox-slideshow=\"1d35214\" data-elementor-lightbox-title=\"11_Suite\" data-e-action-hash=\"#elementor-action%3Aaction%3Dlightbox%26settings%3DeyJpZCI6NTM1LCJ1cmwiOiJodHRwczpcL1wvd3d3LmdhZXN0ZWhhdXMtbWFyaWVsZS5kZVwvd29yZHByZXNzXC93cC1jb250ZW50XC91cGxvYWRzXC8yMDI2XC8wM1wvMTFfU3VpdGUuanBnIiwic2xpZGVzaG93IjoiMWQzNTIxNCJ9\" href='https:\/\/www.gaestehaus-mariele.de\/wordpress\/wp-content\/uploads\/2026\/03\/11_Suite.jpg'><img loading=\"lazy\" decoding=\"async\" width=\"768\" height=\"509\" src=\"https:\/\/www.gaestehaus-mariele.de\/wordpress\/wp-content\/uploads\/2026\/03\/11_Suite-768x509.jpg\" class=\"attachment-medium_large size-medium_large\" alt=\"\" srcset=\"https:\/\/www.gaestehaus-mariele.de\/wordpress\/wp-content\/uploads\/2026\/03\/11_Suite-768x509.jpg 768w, https:\/\/www.gaestehaus-mariele.de\/wordpress\/wp-content\/uploads\/2026\/03\/11_Suite-300x199.jpg 300w, https:\/\/www.gaestehaus-mariele.de\/wordpress\/wp-content\/uploads\/2026\/03\/11_Suite-1024x679.jpg 1024w, https:\/\/www.gaestehaus-mariele.de\/wordpress\/wp-content\/uploads\/2026\/03\/11_Suite-150x100.jpg 150w, https:\/\/www.gaestehaus-mariele.de\/wordpress\/wp-content\/uploads\/2026\/03\/11_Suite.jpg 1200w\" sizes=\"(max-width: 768px) 100vw, 768px\" \/><\/a>\n\t\t\t<\/dt><\/dl><dl class='gallery-item'>\n\t\t\t<dt class='gallery-icon landscape'>\n\t\t\t\t<a data-elementor-open-lightbox=\"yes\" data-elementor-lightbox-slideshow=\"1d35214\" data-elementor-lightbox-title=\"12_Suite\" data-e-action-hash=\"#elementor-action%3Aaction%3Dlightbox%26settings%3DeyJpZCI6NTM2LCJ1cmwiOiJodHRwczpcL1wvd3d3LmdhZXN0ZWhhdXMtbWFyaWVsZS5kZVwvd29yZHByZXNzXC93cC1jb250ZW50XC91cGxvYWRzXC8yMDI2XC8wM1wvMTJfU3VpdGUuanBnIiwic2xpZGVzaG93IjoiMWQzNTIxNCJ9\" href='https:\/\/www.gaestehaus-mariele.de\/wordpress\/wp-content\/uploads\/2026\/03\/12_Suite.jpg'><img loading=\"lazy\" decoding=\"async\" width=\"768\" height=\"509\" src=\"https:\/\/www.gaestehaus-mariele.de\/wordpress\/wp-content\/uploads\/2026\/03\/12_Suite-768x509.jpg\" class=\"attachment-medium_large size-medium_large\" alt=\"\" srcset=\"https:\/\/www.gaestehaus-mariele.de\/wordpress\/wp-content\/uploads\/2026\/03\/12_Suite-768x509.jpg 768w, https:\/\/www.gaestehaus-mariele.de\/wordpress\/wp-content\/uploads\/2026\/03\/12_Suite-300x199.jpg 300w, https:\/\/www.gaestehaus-mariele.de\/wordpress\/wp-content\/uploads\/2026\/03\/12_Suite-1024x679.jpg 1024w, https:\/\/www.gaestehaus-mariele.de\/wordpress\/wp-content\/uploads\/2026\/03\/12_Suite-150x100.jpg 150w, https:\/\/www.gaestehaus-mariele.de\/wordpress\/wp-content\/uploads\/2026\/03\/12_Suite.jpg 1200w\" sizes=\"(max-width: 768px) 100vw, 768px\" \/><\/a>\n\t\t\t<\/dt><\/dl><br style=\"clear: both\" \/>\n\t\t<\/div>\n\t\t<\/div>\n\t\t\t\t\t\t<\/div>\n\t\t\t\t\t<\/div>\n\t\t\t\t<\/div>\n\t\t<div class=\"elementor-element elementor-element-714f4f2 e-flex e-con-boxed e-con e-parent\" data-id=\"714f4f2\" data-element_type=\"container\">\n\t\t\t\t\t<div class=\"e-con-inner\">\n\t\t\t\t<div class=\"elementor-element elementor-element-70dea00 elementor-widget elementor-widget-text-editor\" data-id=\"70dea00\" data-element_type=\"widget\" data-widget_type=\"text-editor.default\">\n\t\t\t\t\t\t\t\t\t<p>\u00a0<\/p><p style=\"text-align: center;\"><a href=\"https:\/\/www.gaestehaus-mariele.de\/kontakt-anfrage\/\" class=\"su-button su-button-style-glass\" style=\"color:#fff;background-color:#81aac0;border-color:#68889a;border-radius:10px\" target=\"_self\"><span style=\"color:#fff;padding:0px 26px;font-size:20px;line-height:40px;border-color:#a7c4d3;border-radius:10px;text-shadow:none\"> Zimmer unverbindlich anfragen<\/span><\/a><\/p><p><div class=\"su-heading su-heading-style-default su-heading-align-center\" id=\"\" style=\"font-size:13px;margin-bottom:20px\"><div class=\"su-heading-inner\">Ausstattungsmerkmale<\/div><\/div><\/p><p><div class=\"su-row\"><div class=\"su-column su-column-size-1-2\"><div class=\"su-column-inner su-u-clearfix su-u-trim\"><strong>Allgemein<\/strong><div class=\"su-list\" style=\"margin-left:0px\"><\/p><ul><li><i class=\"sui sui-check\" style=\"color:#17bf20\"><\/i> allergikerfreundlich<\/li><li><i class=\"sui sui-check\" style=\"color:#17bf20\"><\/i> Balkon<\/li><li><i class=\"sui sui-check\" style=\"color:#17bf20\"><\/i> Bergblick<\/li><li><i class=\"sui sui-check\" style=\"color:#17bf20\"><\/i> Nichtraucher<\/li><\/ul><p><\/div><\/div><\/div><div class=\"su-column su-column-size-2-2\"><div class=\"su-column-inner su-u-clearfix su-u-trim\"><strong>Service<\/strong><div class=\"su-list\" style=\"margin-left:0px\"><\/p><ul><li><i class=\"sui sui-check\" style=\"color:#17bf20\"><\/i> Bettw\u00e4sche<\/li><li><i class=\"sui sui-check\" style=\"color:#17bf20\"><\/i> Handt\u00fccher<\/li><li><i class=\"sui sui-check\" style=\"color:#17bf20\"><\/i> Safe<\/li><li><i class=\"sui sui-check\" style=\"color:#17bf20\"><\/i> Kinderbett<\/li><li><i class=\"sui sui-check\" style=\"color:#17bf20\"><\/i> Tiere nicht erlaubt<\/li><\/ul><p><\/div><\/div><\/div><\/div><br \/><div class=\"su-row\"><div class=\"su-column su-column-size-1-2\"><div class=\"su-column-inner su-u-clearfix su-u-trim\"><strong>Sonstiges<\/strong><div class=\"su-list\" style=\"margin-left:0px\"><\/p><ul><li><i class=\"sui sui-check\" style=\"color:#17bf20\"><\/i> Dusche\/WC<\/li><li><i class=\"sui sui-check\" style=\"color:#17bf20\"><\/i> Backofen<\/li><li><i class=\"sui sui-check\" style=\"color:#17bf20\"><\/i> K\u00fcche (offen)<\/li><li><i class=\"sui sui-check\" style=\"color:#17bf20\"><\/i> K\u00fchlschrank<\/li><\/ul><p><\/div><\/div><\/div><div class=\"su-column su-column-size-2-2 su-column-last\"><div class=\"su-column-inner su-u-clearfix su-u-trim\"><strong>Technik<\/strong><div class=\"su-list\" style=\"margin-left:0px\"><\/p><ul><li><i class=\"sui sui-check\" style=\"color:#17bf20\"><\/i> Kabel\/Sat<\/li><li><i class=\"sui sui-check\" style=\"color:#17bf20\"><\/i> TV<\/li><li><i class=\"sui sui-check\" style=\"color:#17bf20\"><\/i> Internet WLAN<\/li><\/ul><p><\/div><\/div><\/div><\/div><\/p>\t\t\t\t\t\t\t\t<\/div>\n\t\t\t\t<div class=\"elementor-element elementor-element-736261f elementor-widget elementor-widget-text-editor\" data-id=\"736261f\" data-element_type=\"widget\" data-widget_type=\"text-editor.default\">\n\t\t\t\t\t\t\t\t\t<p style=\"text-align: center;\">Bitte denken Sie daran, eine Reiser\u00fccktrittsversicherung abzuschlie\u00dfen!<\/p>\t\t\t\t\t\t\t\t<\/div>\n\t\t\t\t\t<\/div>\n\t\t\t\t<\/div>\n\t\t\t\t<\/div>\n\t\t","protected":false},"excerpt":{"rendered":"<p>Sehr ruhige Suite (ca. 40 qm) f\u00fcr 2 Personen im bayerischen Stil in herrlicher Lage (Wohnbereich mit K\u00fcche sowie separatem Schlafraum). Nichtraucherwohnung, hochwertig ausgestattet mit Balkon. \u00a0 Bitte denken Sie daran, eine Reiser\u00fccktrittsversicherung abzuschlie\u00dfen!<\/p>\n<p class=\"continue-reading-button\"> <a class=\"continue-reading-link\" href=\"https:\/\/www.gaestehaus-mariele.de\/wordpress\/zimmer\/suite\/\">Weiterlesen<i class=\"crycon-right-dir\"><\/i><\/a><\/p>\n","protected":false},"author":1,"featured_media":0,"parent":2,"menu_order":0,"comment_status":"closed","ping_status":"open","template":"","meta":{"footnotes":""},"class_list":["post-37","page","type-page","status-publish","hentry"],"_links":{"self":[{"href":"https:\/\/www.gaestehaus-mariele.de\/wordpress\/wp-json\/wp\/v2\/pages\/37","targetHints":{"allow":["GET"]}}],"collection":[{"href":"https:\/\/www.gaestehaus-mariele.de\/wordpress\/wp-json\/wp\/v2\/pages"}],"about":[{"href":"https:\/\/www.gaestehaus-mariele.de\/wordpress\/wp-json\/wp\/v2\/types\/page"}],"author":[{"embeddable":true,"href":"https:\/\/www.gaestehaus-mariele.de\/wordpress\/wp-json\/wp\/v2\/users\/1"}],"replies":[{"embeddable":true,"href":"https:\/\/www.gaestehaus-mariele.de\/wordpress\/wp-json\/wp\/v2\/comments?post=37"}],"version-history":[{"count":48,"href":"https:\/\/www.gaestehaus-mariele.de\/wordpress\/wp-json\/wp\/v2\/pages\/37\/revisions"}],"predecessor-version":[{"id":557,"href":"https:\/\/www.gaestehaus-mariele.de\/wordpress\/wp-json\/wp\/v2\/pages\/37\/revisions\/557"}],"up":[{"embeddable":true,"href":"https:\/\/www.gaestehaus-mariele.de\/wordpress\/wp-json\/wp\/v2\/pages\/2"}],"wp:attachment":[{"href":"https:\/\/www.gaestehaus-mariele.de\/wordpress\/wp-json\/wp\/v2\/media?parent=37"}],"curies":[{"name":"wp","href":"https:\/\/api.w.org\/{rel}","templated":true}]}}