{"id":9,"date":"2014-01-28T10:08:31","date_gmt":"2014-01-28T10:08:31","guid":{"rendered":"http:\/\/gaestehaus-mariele.de\/?page_id=9"},"modified":"2020-06-05T08:29:41","modified_gmt":"2020-06-05T08:29:41","slug":"impressum","status":"publish","type":"page","link":"https:\/\/www.gaestehaus-mariele.de\/wordpress\/impressum\/","title":{"rendered":"Impressum"},"content":{"rendered":"<p>Verantwortlich f\u00fcr den Inhalt im Sinne des \u00a7 6 MDStV (Mediendienste Staatsvertrag) und \u00a7 6 TDG (Gesetz zur Nutzung von Telediensten).<\/p>\n<p><strong>G\u00e4stehaus Mariele<\/strong><br \/>\nMaria Glonner<br \/>\nD \u2013 83707 Bad Wiessee, Birkenstr. 32<\/p>\n<p>Telefon: +49 (0) 80 22 \u2013 8 22 87<br \/>\nFax: +49 (0) 80 22 \u2013 8 22 87<br \/>\nE-Mail: gaestehaus.mariele@freenet.de<\/p>\n<p>E-Mail: info@gaestehaus-mariele.de<\/p>\n<p>F\u00fcr den Inhalt verantwortlich und alle Rechte: Maria Glonner<\/p>\n<p>\u00a9 Copyright by G\u00e4stehaus Mariele. Alle Rechte vorbehalten. Text, Bilder, Grafiken, Sound, Animationen und Videos unter liegen dem Schutz des Urheberrechts und anderer Schutzgesetze. Wir weisen daraufhin, dass auf den Websites enthaltene Bilder teilweise dem Urheberrecht Dritter unterliegen.<\/p>\n<p>\u00a92014 Das Copyright f\u00fcr alle Texte dieser Website liegt, soweit nicht anders vermerkt, bei G\u00e4stehaus Mariele, Bad Wiessee<\/p>\n<p>\u00a92014 Das Copyright f\u00fcr die Fotos dieser Website liegen bei: G\u00e4stehaus Mariele \u2013 Bad Wiessee<\/p>\n<p>Inhalte: Diese Website wurde mit gr\u00f6\u00dftm\u00f6glicher Sorgfalt zusammengestellt. Trotzdem kann keine Gew\u00e4hr f\u00fcr die Fehlerfreiheit und Genauigkeit der enthaltenen Informationen \u00fcbernommen werden. Jegliche Haftung f\u00fcr Sch\u00e4den, die direkt oder indirekt aus der Benutzung dieser Website entstehen, wird ausgeschlossen, soweit diese nicht auf Vorsatz oder grober Fahrl\u00e4ssigkeit beruhen.<\/p>\n<p><strong>Links<\/strong>: Das Landgericht Hamburg hat mit Urteil vom 12.05.1998 entschieden, dass man durch die Ausbringung eines Links die Inhalte der gelinkten Seite ggf. mit zu verantworten hat. Dies kann \u2013 so das LG \u2013 nur dadurch verhindert werden, dass man sich ausdr\u00fccklich von diesen Inhalten distanziert. Ich habe auf meiner Page Links zu anderen Seiten im Internet gelegt. F\u00fcr all diese Links gilt: Ich m\u00f6chte ausdr\u00fccklich betonen, dass ich keinerlei Einfluss auf die Gestaltung und die Inhalte dieser Seite habe. Deshalb distanziere ich mich hiermit ausdr\u00fccklich von allen Inhalten aller gelinkten Seiten auf dieser Webseite incl. aller Unterseiten. Diese Erkl\u00e4rung gilt f\u00fcr alle auf meiner Homepage ausgebrachten Links und f\u00fcr alle Inhalte der Seiten, zu denen Links oder Banner f\u00fchren!\u201d Diese Website enth\u00e4lt Links (Verweise) auf externe Seiten . Wenn Sie diese Links anklicken, verlassen sie das Angebot dieser Website. Auf die Gestaltung der Inhalte, die Sie dort finden, haben wir keinen Einfluss. Wir haben die Seiten, auf die wir Links gesetzt haben, zwar sorgf\u00e4ltig auf etwaige rechtswidrige Inhalte durchgesehen, k\u00f6nnen aber weder ausschlie\u00dfen, dass wir etwas \u00fcbersehen haben, noch, dass die Seiten nachtr\u00e4glich ge\u00e4ndert wurden. Wenn Sie hinter einem unserer Links rechtswidrige Inhalte finden, informieren Sie bitte unseren Webmaster.<\/p>\n","protected":false},"excerpt":{"rendered":"<p>Verantwortlich f\u00fcr den Inhalt im Sinne des \u00a7 6 MDStV (Mediendienste Staatsvertrag) und \u00a7 6 TDG (Gesetz zur Nutzung von Telediensten). G\u00e4stehaus Mariele Maria Glonner D \u2013 83707 Bad Wiessee, Birkenstr. 32 Telefon: +49 (0) 80 22 \u2013 8 22 87 Fax: +49 (0) 80 22 \u2013 8 22 87\u2026<\/p>\n<p class=\"continue-reading-button\"> <a class=\"continue-reading-link\" href=\"https:\/\/www.gaestehaus-mariele.de\/wordpress\/impressum\/\">Weiterlesen<i class=\"crycon-right-dir\"><\/i><\/a><\/p>\n","protected":false},"author":1,"featured_media":0,"parent":0,"menu_order":0,"comment_status":"closed","ping_status":"open","template":"","meta":{"footnotes":""},"class_list":["post-9","page","type-page","status-publish","hentry"],"_links":{"self":[{"href":"https:\/\/www.gaestehaus-mariele.de\/wordpress\/wp-json\/wp\/v2\/pages\/9","targetHints":{"allow":["GET"]}}],"collection":[{"href":"https:\/\/www.gaestehaus-mariele.de\/wordpress\/wp-json\/wp\/v2\/pages"}],"about":[{"href":"https:\/\/www.gaestehaus-mariele.de\/wordpress\/wp-json\/wp\/v2\/types\/page"}],"author":[{"embeddable":true,"href":"https:\/\/www.gaestehaus-mariele.de\/wordpress\/wp-json\/wp\/v2\/users\/1"}],"replies":[{"embeddable":true,"href":"https:\/\/www.gaestehaus-mariele.de\/wordpress\/wp-json\/wp\/v2\/comments?post=9"}],"version-history":[{"count":5,"href":"https:\/\/www.gaestehaus-mariele.de\/wordpress\/wp-json\/wp\/v2\/pages\/9\/revisions"}],"predecessor-version":[{"id":155,"href":"https:\/\/www.gaestehaus-mariele.de\/wordpress\/wp-json\/wp\/v2\/pages\/9\/revisions\/155"}],"wp:attachment":[{"href":"https:\/\/www.gaestehaus-mariele.de\/wordpress\/wp-json\/wp\/v2\/media?parent=9"}],"curies":[{"name":"wp","href":"https:\/\/api.w.org\/{rel}","templated":true}]}}